
{"id":132,"date":"2021-12-10T11:29:11","date_gmt":"2021-12-10T10:29:11","guid":{"rendered":"https:\/\/przedszkole51.edu.wroclaw.pl\/?page_id=132"},"modified":"2025-03-11T10:15:41","modified_gmt":"2025-03-11T09:15:41","slug":"rada-rodzicow","status":"publish","type":"page","link":"https:\/\/przedszkole51.edu.wroclaw.pl\/index.php\/rada-rodzicow\/","title":{"rendered":"Rada rodzic\u00f3w"},"content":{"rendered":"<h2><img loading=\"lazy\" decoding=\"async\" class=\" wp-image-2649 aligncenter\" src=\"https:\/\/przedszkole51.edu.wroclaw.pl\/wp-content\/uploads\/sites\/69\/2023\/08\/Rada-Rodzicow-300x264.jpg\" alt=\"\" width=\"185\" height=\"163\" srcset=\"https:\/\/przedszkole51.edu.wroclaw.pl\/wp-content\/uploads\/sites\/69\/2023\/08\/Rada-Rodzicow-300x264.jpg 300w, https:\/\/przedszkole51.edu.wroclaw.pl\/wp-content\/uploads\/sites\/69\/2023\/08\/Rada-Rodzicow.jpg 564w\" sizes=\"auto, (max-width: 185px) 100vw, 185px\" \/><\/h2>\n<h2>Drodzy Rodzice!<\/h2>\n<p>Gor\u0105co zach\u0119camy do dokonywania wp\u0142at na fundusz Rady Rodzic\u00f3w. Rada wykorzystuje wszystkie zebrane \u015brodki na cele bezpo\u015brednio zwi\u0105zane z naszymi dzie\u0107mi oraz na potrzeby przedszkola, ale tak\u017ce w kontek\u015bcie dobra naszych dzieci.<\/p>\n<p>Wszystkie \u015brodki niewykorzystane w poprzednim roku szkolnym przechodz\u0105 na nast\u0119pny, dzi\u0119ki czemu mamy dodatkowe \u015brodki do spo\u017cytkowania na r\u00f3\u017cnego rodzaju wydatki.<\/p>\n<p>Z zebranych pieni\u0119dzy Rada Rodzic\u00f3w zazwyczaj organizowane s\u0105 3 imprezy dla wszystkich dzieci ucz\u0105cych si\u0119 w przedszkolu:<\/p>\n<ul>\n<li><b>wizyta \u015bwi\u0119tego Miko\u0142aja,&nbsp;<\/b>kt\u00f3ry wraz z pomocnikami nadaje wyj\u0105tkowo\u015bci temu dniu,<\/li>\n<li><b>bal karnawa\u0142owy,<\/b>&nbsp;podczas kt\u00f3rego dzieci maj\u0105 okazj\u0119 pobawi\u0107 si\u0119 pod opiek\u0105 animator\u00f3w,<\/li>\n<li><b>festyn rodzinny w czerwcu,&nbsp;<\/b>gdzie&nbsp;ca\u0142e rodziny maj\u0105 okazj\u0119 zintegrowa\u0107 si\u0119 przy cie\u015bcie i innych atrakcjach, jak zabawy z animatorem, dmucha\u0144ce, radiow\u00f3z policyjny lub stra\u017cacy wraz ze swoimi pojazdami, kucyki, malowanie twarzy, wodne balony.<\/li>\n<\/ul>\n<p>Rada Rodzic\u00f3w wspiera tak\u017ce finansowo przedszkole w prawid\u0142owym funkcjonowaniu, kiedy koszty zakupu pewnych sprz\u0119t\u00f3w przekraczaj\u0105 jej mo\u017cliwo\u015bci. W ubieg\u0142ych latach Rada Rodzic\u00f3w sfinansowa\u0142a zakup m.in. wentylator\u00f3w do ka\u017cdej z grup, szczeg\u00f3lnie przydatnych podczas upa\u0142\u00f3w, termometr\u00f3w bezdotykowych dla ka\u017cdej grupy w czasie pandemii, magicznego dywanu \u2013 nowoczesnej gry edukacyjnej.<\/p>\n<p>Gor\u0105co zach\u0119camy Pa\u0144stwa do wp\u0142acenia pieni\u0119dzy na fundusz Rady Rodzic\u00f3w, by m\u00f3c zapewni\u0107 i w tym roku organizacj\u0119 wymienionych wy\u017cej imprez. Wp\u0142aty s\u0105 oczywi\u015bcie &nbsp;dobrowolne, ale pragniemy podkre\u015bli\u0107, \u017ce \u015brodki spo\u017cytkowane b\u0119d\u0105 na cele bezpo\u015brednio zwi\u0105zane z naszymi dzie\u0107mi.<\/p>\n<h2 style=\"text-align: center;\">&nbsp;<\/h2>\n<p>&nbsp;<\/p>\n","protected":false},"excerpt":{"rendered":"<p>Drodzy Rodzice! Gor\u0105co zach\u0119camy do dokonywania wp\u0142at na fundusz Rady Rodzic\u00f3w. Rada wykorzystuje wszystkie zebrane \u015brodki na cele bezpo\u015brednio zwi\u0105zane z naszymi dzie\u0107mi oraz na potrzeby przedszkola, ale tak\u017ce w [&hellip;]<\/p>\n","protected":false},"author":270,"featured_media":0,"parent":0,"menu_order":0,"comment_status":"closed","ping_status":"closed","template":"","meta":{"ngg_post_thumbnail":0,"footnotes":""},"class_list":["post-132","page","type-page","status-publish","hentry","clearfix"],"_links":{"self":[{"href":"https:\/\/przedszkole51.edu.wroclaw.pl\/index.php\/wp-json\/wp\/v2\/pages\/132","targetHints":{"allow":["GET"]}}],"collection":[{"href":"https:\/\/przedszkole51.edu.wroclaw.pl\/index.php\/wp-json\/wp\/v2\/pages"}],"about":[{"href":"https:\/\/przedszkole51.edu.wroclaw.pl\/index.php\/wp-json\/wp\/v2\/types\/page"}],"author":[{"embeddable":true,"href":"https:\/\/przedszkole51.edu.wroclaw.pl\/index.php\/wp-json\/wp\/v2\/users\/270"}],"replies":[{"embeddable":true,"href":"https:\/\/przedszkole51.edu.wroclaw.pl\/index.php\/wp-json\/wp\/v2\/comments?post=132"}],"version-history":[{"count":10,"href":"https:\/\/przedszkole51.edu.wroclaw.pl\/index.php\/wp-json\/wp\/v2\/pages\/132\/revisions"}],"predecessor-version":[{"id":4512,"href":"https:\/\/przedszkole51.edu.wroclaw.pl\/index.php\/wp-json\/wp\/v2\/pages\/132\/revisions\/4512"}],"wp:attachment":[{"href":"https:\/\/przedszkole51.edu.wroclaw.pl\/index.php\/wp-json\/wp\/v2\/media?parent=132"}],"curies":[{"name":"wp","href":"https:\/\/api.w.org\/{rel}","templated":true}]}}