
{"id":140,"date":"2021-12-10T11:33:18","date_gmt":"2021-12-10T10:33:18","guid":{"rendered":"https:\/\/przedszkole51.edu.wroclaw.pl\/?page_id=140"},"modified":"2026-01-29T14:57:57","modified_gmt":"2026-01-29T13:57:57","slug":"rekrutacja","status":"publish","type":"page","link":"https:\/\/przedszkole51.edu.wroclaw.pl\/index.php\/rekrutacja\/","title":{"rendered":"Rekrutacja"},"content":{"rendered":"<div class=\"wpb-content-wrapper\"><p>[vc_row][vc_column][vc_btn title=&#8221;Spacer po przedszkolu&#8221; color=&#8221;primary&#8221; align=&#8221;right&#8221; link=&#8221;url:https%3A%2F%2Fyoutu.be%2FbBxQBf-1w-s|target:_blank&#8221;][vc_column_text css=&#8221;&#8221;]<\/p>\n<p data-start=\"206\" data-end=\"271\"><strong data-start=\"206\" data-end=\"269\">Rekrutacja do przedszkoli \u2013 rok szkolny 2026\/2027\u00a0<\/strong><\/p>\n<p data-start=\"273\" data-end=\"491\">Informujemy, \u017ce <strong data-start=\"289\" data-end=\"409\">rekrutacja do publicznych przedszkoli oraz oddzia\u0142\u00f3w przedszkolnych w publicznych szko\u0142ach podstawowych we Wroc\u0142awiu<\/strong> na rok szkolny <strong data-start=\"425\" data-end=\"438\">2026\/2027<\/strong> rozpocznie si\u0119 <strong data-start=\"456\" data-end=\"490\">20 marca 2026 r. o godz. 12.00<\/strong>.<\/p>\n<p data-start=\"493\" data-end=\"629\">Szczeg\u00f3\u0142owe informacje dotycz\u0105ce rekrutacji dost\u0119pne s\u0105 na stronie internetowej:<br data-start=\"573\" data-end=\"576\" \/>\ud83d\udc49 <a class=\"decorated-link\" href=\"https:\/\/rekrutacje.edu.wroclaw.pl\/switcher-public\/\" target=\"_new\" rel=\"noopener\" data-start=\"579\" data-end=\"629\">https:\/\/rekrutacje.edu.wroclaw.pl\/switcher-public\/<\/a><\/p>\n<hr data-start=\"755\" data-end=\"758\" \/>\n<h3 data-start=\"760\" data-end=\"794\"><strong data-start=\"861\" data-end=\"897\">Zasady i materia\u0142y informacyjne:<\/strong><\/h3>\n<p data-normal-size=\"14\"><strong><a href=\"https:\/\/przedszkole56.edu.wroclaw.pl\/wp-content\/uploads\/sites\/51\/2026\/01\/BIULETYN-INFORMACYJNY.pdf\">1 \u2013\u00a0 BIULETYN INFORMACYJNY<\/a><\/strong><\/p>\n<p data-normal-size=\"14\"><strong><a href=\"https:\/\/przedszkole56.edu.wroclaw.pl\/wp-content\/uploads\/sites\/51\/2026\/01\/DOCHOD.pdf\">2 \u2013 DOCH\u00d3D<\/a><\/strong><\/p>\n<p data-normal-size=\"14\"><strong><a href=\"https:\/\/przedszkole56.edu.wroclaw.pl\/wp-content\/uploads\/sites\/51\/2026\/01\/DZIECI-O-SPECJALNYCH-POTRZEBACH.pdf\">3 \u2013 DZIECI O SPECJALNYCH POTRZEBACH<\/a><\/strong><\/p>\n<p data-normal-size=\"14\"><strong><a href=\"https:\/\/przedszkole56.edu.wroclaw.pl\/wp-content\/uploads\/sites\/51\/2026\/01\/HARMONOGRAM-DLA-RODZICOW-ETAP-PODSTAWOWY.pdf\">5 \u2013 HARMONOGRAM DLA RODZIC\u00d3W \u2013 ETAP PODSTAWOWY<\/a><\/strong><\/p>\n<p data-normal-size=\"14\"><strong><a href=\"https:\/\/przedszkole56.edu.wroclaw.pl\/wp-content\/uploads\/sites\/51\/2026\/01\/HARMONOGRAM-DLA-RODZICOW-ETAP-UZUPELNIAJACY.docx.pdf\">6 \u2013 HARMONOGRAM DLA RODZIC\u00d3W \u2013 ETAP UZUPE\u0141NIAJ\u0104CY.docx<\/a><\/strong><\/p>\n<p data-normal-size=\"14\"><strong><a href=\"https:\/\/przedszkole56.edu.wroclaw.pl\/wp-content\/uploads\/sites\/51\/2026\/01\/INFORMACJE-OGOLNE.pdf\">7 \u2013 INFORMACJE OG\u00d3LNE<\/a><\/strong><\/p>\n<p data-normal-size=\"14\"><strong><a href=\"https:\/\/przedszkole56.edu.wroclaw.pl\/wp-content\/uploads\/sites\/51\/2026\/01\/KONTYNUACJA.pdf\">8 \u2013 KONTYNUACJA<\/a><\/strong><\/p>\n<p data-normal-size=\"14\"><strong><a href=\"https:\/\/przedszkole56.edu.wroclaw.pl\/wp-content\/uploads\/sites\/51\/2026\/01\/KRYTERIA-.pdf\">9 \u2013 KRYTERIA<\/a><\/strong><\/p>\n<p data-normal-size=\"14\"><strong><a href=\"https:\/\/przedszkole56.edu.wroclaw.pl\/wp-content\/uploads\/sites\/51\/2026\/01\/ODWOLANIA.pdf\">10 \u2013 ODWO\u0141ANIA<\/a><\/strong><\/p>\n<p data-normal-size=\"14\"><strong><a href=\"https:\/\/przedszkole56.edu.wroclaw.pl\/wp-content\/uploads\/sites\/51\/2026\/01\/PODSTAWY-PRAWNE.pdf\">11 \u2013 PODSTAWY PRAWNE<\/a><\/strong><\/p>\n<p data-normal-size=\"14\"><strong><a href=\"https:\/\/przedszkole56.edu.wroclaw.pl\/wp-content\/uploads\/sites\/51\/2026\/01\/SAMOTNE-WYCHOWANIE.pdf\">12 \u2013 SAMOTNE WYCHOWANIE<\/a><\/strong><\/p>\n<p data-normal-size=\"14\"><strong><a href=\"https:\/\/przedszkole56.edu.wroclaw.pl\/wp-content\/uploads\/sites\/51\/2026\/01\/UDZIAL-W-REKRUTACJI.pdf\">14 \u2013 UDZIA\u0141 W REKRUTACJI<\/a><\/strong><\/p>\n<p>[\/vc_column_text][\/vc_column][\/vc_row]<\/p>\n<\/div>","protected":false},"excerpt":{"rendered":"<p>[vc_row][vc_column][vc_btn title=&#8221;Spacer po przedszkolu&#8221; color=&#8221;primary&#8221; align=&#8221;right&#8221; link=&#8221;url:https%3A%2F%2Fyoutu.be%2FbBxQBf-1w-s|target:_blank&#8221;][vc_column_text css=&#8221;&#8221;] Rekrutacja do przedszkoli \u2013 rok szkolny 2026\/2027\u00a0 Informujemy, \u017ce rekrutacja do publicznych przedszkoli oraz oddzia\u0142\u00f3w przedszkolnych w publicznych szko\u0142ach podstawowych we Wroc\u0142awiu [&hellip;]<\/p>\n","protected":false},"author":267,"featured_media":0,"parent":0,"menu_order":0,"comment_status":"closed","ping_status":"closed","template":"","meta":{"ngg_post_thumbnail":0,"footnotes":""},"class_list":["post-140","page","type-page","status-publish","hentry","clearfix"],"_links":{"self":[{"href":"https:\/\/przedszkole51.edu.wroclaw.pl\/index.php\/wp-json\/wp\/v2\/pages\/140","targetHints":{"allow":["GET"]}}],"collection":[{"href":"https:\/\/przedszkole51.edu.wroclaw.pl\/index.php\/wp-json\/wp\/v2\/pages"}],"about":[{"href":"https:\/\/przedszkole51.edu.wroclaw.pl\/index.php\/wp-json\/wp\/v2\/types\/page"}],"author":[{"embeddable":true,"href":"https:\/\/przedszkole51.edu.wroclaw.pl\/index.php\/wp-json\/wp\/v2\/users\/267"}],"replies":[{"embeddable":true,"href":"https:\/\/przedszkole51.edu.wroclaw.pl\/index.php\/wp-json\/wp\/v2\/comments?post=140"}],"version-history":[{"count":41,"href":"https:\/\/przedszkole51.edu.wroclaw.pl\/index.php\/wp-json\/wp\/v2\/pages\/140\/revisions"}],"predecessor-version":[{"id":5892,"href":"https:\/\/przedszkole51.edu.wroclaw.pl\/index.php\/wp-json\/wp\/v2\/pages\/140\/revisions\/5892"}],"wp:attachment":[{"href":"https:\/\/przedszkole51.edu.wroclaw.pl\/index.php\/wp-json\/wp\/v2\/media?parent=140"}],"curies":[{"name":"wp","href":"https:\/\/api.w.org\/{rel}","templated":true}]}}