
{"id":1621,"date":"2022-10-05T14:37:17","date_gmt":"2022-10-05T12:37:17","guid":{"rendered":"https:\/\/przedszkole51.edu.wroclaw.pl\/?page_id=1621"},"modified":"2025-03-11T10:07:37","modified_gmt":"2025-03-11T09:07:37","slug":"pliki-do-pobrania","status":"publish","type":"page","link":"https:\/\/przedszkole51.edu.wroclaw.pl\/index.php\/pliki-do-pobrania\/","title":{"rendered":"Pliki do pobrania"},"content":{"rendered":"<ul>\n<li><a href=\"https:\/\/przedszkole51.edu.wroclaw.pl\/wp-content\/uploads\/sites\/69\/2022\/10\/STATUT-PRZEDSZKOLA-nowelizacja-wrzesien-2022r.-wersja-koncowa.pdf\" target=\"_blank\" rel=\"noopener\">Statut Przedszkola nr 51 &#8222;Kolorowy Pocz\u0105tek&#8221; we Wroc\u0142awiu.pdf (559 KB)<\/a><\/li>\n<li><a href=\"https:\/\/przedszkole51.edu.wroclaw.pl\/wp-content\/uploads\/sites\/69\/2023\/07\/Zal.-7m.-Klauzula-edukacja-dziecka-w-placowce.docx\"><strong>Edukacja dziecka w plac\u00f3wce.docx (35 KB)<\/strong><\/a> &#8211; zgoda na przetwarzanie danych osobowych (wymagane dla ka\u017cdego dziecka ucz\u0119szczaj\u0105cego do naszej plac\u00f3wki).<\/li>\n<li><a href=\"https:\/\/przedszkole51.edu.wroclaw.pl\/wp-content\/uploads\/sites\/69\/2023\/09\/Zal.-9.-Karta-do-odbioru-dziecka-z-przedszkola-nr-51-wrzesien-2023r.docx\"><strong>Karta os\u00f3b upowa\u017cnionych przez rodzic\u00f3w (opiekun\u00f3w prawnych) do odbierania dziecka z przedszkola.docx (34 KB)<\/strong><\/a> &#8211; (<strong>UWAGA!!!<\/strong> Integraln\u0105 cz\u0119\u015bci\u0105 w\/w Karty jest &#8222;Klauzula informacyjna dla os\u00f3b upowa\u017cnionych do odbioru dziecka z przedszkola&#8221; umieszczona poni\u017cej.)<\/li>\n<li><strong><a href=\"https:\/\/przedszkole51.edu.wroclaw.pl\/wp-content\/uploads\/sites\/69\/2023\/07\/Zal.-7x.-Klauzula-dla-osob-upowaznionych-do-odbioru-dziecka-z-przedszkola.pdf\">Klauzula informacyjna dla os\u00f3b upowa\u017cnionych przez rodzic\u00f3w (opiekun\u00f3w prawnych) do odbioru dziecka z przedszkola.pdf (999 KB)<\/a> &#8211;<\/strong> (<strong>UWAGA !!!<\/strong> Ka\u017cda osoba upowa\u017cniona do odbioru dziecka z plac\u00f3wki musi w\u0142asnor\u0119cznie podpisa\u0107 w\/w klauzul\u0119 informacyjn\u0105. &#8222;Klauzula informacyjna&#8230;&#8221; stanowi integraln\u0105 cz\u0119\u015b\u0107 &#8222;Karty os\u00f3b upowa\u017cnionych do odbioru dziecka z przedszkola&#8221;.)<\/li>\n<li><a href=\"https:\/\/przedszkole51.edu.wroclaw.pl\/wp-content\/uploads\/sites\/69\/2023\/07\/Deklaracja-rodzica-zgodna-z-RODO.docx\"><strong>Deklaracja rodzica\/opiekuna prawnego dziecka.docx (18 KB)<\/strong><\/a> &#8211; wykaz zg\u00f3d sk\u0142adanych przez rodzic\u00f3w\/opiekun\u00f3w prawnych.<\/li>\n<li><a href=\"https:\/\/przedszkole51.edu.wroclaw.pl\/wp-content\/uploads\/sites\/69\/2023\/07\/Zgoda-na-zdjecia-i-filmiki-zgodna-z-RODO.docx\">Zgoda w zakresie przetwarzania wizerunku dziecka.pdf (18 KB)<\/a><\/li>\n<li><a href=\"https:\/\/przedszkole51.edu.wroclaw.pl\/wp-content\/uploads\/sites\/69\/2023\/07\/Zal.-8a.-Zgoda-na-udzial-w-lekcjach-religii.docx\">Zg\u0142oszenie dziecka do udzia\u0142u w lekcjach religii.docx (30 KB)<\/a><\/li>\n<li><a href=\"https:\/\/przedszkole51.edu.wroclaw.pl\/wp-content\/uploads\/sites\/69\/2023\/11\/Wnioseko-wydanie-opisu-o-funkcjonowaniu-dziecka-w-placowce.pdf\">Wniosek o wydanie opisu o funkcjonowaniu dziecka w plac\u00f3wce.pdf (153 KB)<\/a><\/li>\n<li><a href=\"https:\/\/przedszkole51.edu.wroclaw.pl\/wp-content\/uploads\/sites\/69\/2023\/07\/Zgoda-na-wizerunek-dla-osoby-trzeciej2.docx\">Zgoda w zakresie przetwarzania wizerunku os\u00f3b goszcz\u0105cych w plac\u00f3wce tzw. &#8222;os\u00f3b trzecich&#8221;.docx (31 KB)<\/a><\/li>\n<li><a href=\"https:\/\/przedszkole51.edu.wroclaw.pl\/wp-content\/uploads\/sites\/69\/2023\/09\/Dane-do-dziennika-nowy-druk_ze-zm.-01.09.2023.docx\">Dane do dziennika.docx (13 KB)<\/a> &#8211; dane niezb\u0119dne do uzupe\u0142nienia przez nauczycieli dokumentacji przedszkolnej.<\/li>\n<li><a href=\"\/index.php\/rodo\/\">RODO<\/a><\/li>\n<li><a href=\"\/wp-content\/uploads\/sites\/69\/2025\/02\/standardy_ochrony_maloletnich.pdf\" target=\"_blank\" rel=\"noopener\">Standardy ochrony ma\u0142oletnich.pdf (387 KB)<\/a><\/li>\n<\/ul>\n","protected":false},"excerpt":{"rendered":"<p>Statut Przedszkola nr 51 &#8222;Kolorowy Pocz\u0105tek&#8221; we Wroc\u0142awiu.pdf (559 KB) Edukacja dziecka w plac\u00f3wce.docx (35 KB) &#8211; zgoda na przetwarzanie danych osobowych (wymagane dla ka\u017cdego dziecka ucz\u0119szczaj\u0105cego do naszej plac\u00f3wki). [&hellip;]<\/p>\n","protected":false},"author":266,"featured_media":0,"parent":0,"menu_order":0,"comment_status":"closed","ping_status":"closed","template":"","meta":{"ngg_post_thumbnail":0,"footnotes":""},"class_list":["post-1621","page","type-page","status-publish","hentry","clearfix"],"_links":{"self":[{"href":"https:\/\/przedszkole51.edu.wroclaw.pl\/index.php\/wp-json\/wp\/v2\/pages\/1621","targetHints":{"allow":["GET"]}}],"collection":[{"href":"https:\/\/przedszkole51.edu.wroclaw.pl\/index.php\/wp-json\/wp\/v2\/pages"}],"about":[{"href":"https:\/\/przedszkole51.edu.wroclaw.pl\/index.php\/wp-json\/wp\/v2\/types\/page"}],"author":[{"embeddable":true,"href":"https:\/\/przedszkole51.edu.wroclaw.pl\/index.php\/wp-json\/wp\/v2\/users\/266"}],"replies":[{"embeddable":true,"href":"https:\/\/przedszkole51.edu.wroclaw.pl\/index.php\/wp-json\/wp\/v2\/comments?post=1621"}],"version-history":[{"count":21,"href":"https:\/\/przedszkole51.edu.wroclaw.pl\/index.php\/wp-json\/wp\/v2\/pages\/1621\/revisions"}],"predecessor-version":[{"id":4510,"href":"https:\/\/przedszkole51.edu.wroclaw.pl\/index.php\/wp-json\/wp\/v2\/pages\/1621\/revisions\/4510"}],"wp:attachment":[{"href":"https:\/\/przedszkole51.edu.wroclaw.pl\/index.php\/wp-json\/wp\/v2\/media?parent=1621"}],"curies":[{"name":"wp","href":"https:\/\/api.w.org\/{rel}","templated":true}]}}