
{"id":2562,"date":"2024-06-09T14:04:32","date_gmt":"2024-06-09T12:04:32","guid":{"rendered":"https:\/\/przedszkole51.edu.wroclaw.pl\/?page_id=2562"},"modified":"2025-08-26T09:15:48","modified_gmt":"2025-08-26T07:15:48","slug":"informacje-dla-rodzicow-dzieci-nowo-przyjetych","status":"publish","type":"page","link":"https:\/\/przedszkole51.edu.wroclaw.pl\/index.php\/biezace-informacje-dla-rodzicow\/informacje-dla-rodzicow-dzieci-nowo-przyjetych\/","title":{"rendered":"Informacje dla rodzic\u00f3w dzieci nowo przyj\u0119tych"},"content":{"rendered":"<div class=\"wpb-content-wrapper\"><p>[vc_row][vc_column][vc_column_text css=&#8221;&#8221;]<\/p>\n<div class=\"pe-article-content\">\n<section class=\"wpb-content-wrapper\">\n<div class=\"vc_row wpb_row vc_row-fluid\">\n<div class=\"wpb_column vc_column_container vc_col-sm-12\">\n<div class=\"vc_column-inner\">\n<div class=\"wpb_wrapper\">\n<div class=\"wpb_text_column wpb_content_element \">\n<div class=\"wpb_wrapper\">\n<p style=\"text-align: center\"><span style=\"font-size: 20px\"><strong>ROK SZKOLNY 2025\/2026<\/strong><\/span><\/p>\n<p style=\"text-align: center\"><span style=\"font-size: 20px\"><strong>I N F O R M A C J A dla rodzic\u00f3w dzieci nowo przyj\u0119tych<\/strong><\/span><\/p>\n<p>&nbsp;<\/p>\n<p><strong><img loading=\"lazy\" decoding=\"async\" class=\" wp-image-1411 aligncenter\" src=\"https:\/\/przedszkole51.edu.wroclaw.pl\/wp-content\/uploads\/sites\/69\/2022\/06\/Info.jpg\" alt=\"\" width=\"198\" height=\"121\" \/><\/strong><\/p>\n<hr \/>\n<\/div>\n<div class=\"wpb_wrapper\">\n<h3 style=\"text-align: center\"><span style=\"font-size: 20px\"><strong>DOKUMENTACJA\u00a0 PRZEDSZKOLNA<\/strong><\/span>, kt\u00f3r\u0105 nale\u017cy z\u0142o\u017cy\u0107 <strong>w plac\u00f3wce<\/strong>\u00a0 przy ul. Semaforowej 42 we Wroc\u0142awiu<\/h3>\n<h3 style=\"text-align: center\">na rok szkolny 2025\/2026 w nieprzekraczalnym terminie do dnia\u00a0 28.08.2025<\/h3>\n<p>&nbsp;<\/p>\n<ul>\n<li><strong>KARTA INFORMACYJNA<\/strong> \u2013\u00a0 \u00a0 nale\u017cy\u00a0 \u00a0dok\u0142adnie\u00a0 \u00a0przeczyta\u0107,\u00a0 \u00a0wype\u0142ni\u0107\u00a0 \u00a0i\u00a0 \u00a0podpisan\u0105\u00a0 \u00a0z\u0142o\u017cy\u0107\u00a0\u00a0 u\u00a0 \u00a0<strong>intendenta\u00a0 \u00a0lub\u00a0 \u00a0w sekretariacie<\/strong> naszej plac\u00f3wki\u00a0 przy ul. Semaforowej 42. W przypadku braku mo\u017cliwo\u015bci osobistego z\u0142o\u017cenia dokument\u00f3w mo\u017cna je przes\u0142a\u0107 skanem (nie zdj\u0119ciem) drog\u0105 mailow\u0105\u00a0 na adres: <a href=\"mailto:sekretariat.p051@wroclawskaedukacja.pl\">sekretariat.p051@wroclawskaedukacja.pl<\/a>. Kart\u0119 informacyjn\u0105 w ORYGINALE nale\u017cy z\u0142o\u017cy\u0107 przed rozpocz\u0119ciem pobytu dziecka w naszej plac\u00f3wce. (druk: <span style=\"font-size: 20px\"><a href=\"https:\/\/przedszkole51.edu.wroclaw.pl\/wp-content\/uploads\/sites\/69\/2025\/08\/P51_2025-KARTA-INFORMACYJNA-POBYTU-DZIECKA-po-zmianach.pdf\"><span style=\"font-size: 16px\">tutaj<\/span><\/a><\/span>)<\/li>\n<\/ul>\n<ul>\n<li><strong>O\u015aWIADCZENIE O\u00a0 WIELODZIETNO\u015aCI<\/strong> \u2013 dotyczy rodzin z trojgiem i wi\u0119cej dzieci (druk: <a href=\"https:\/\/przedszkole51.edu.wroclaw.pl\/wp-content\/uploads\/sites\/69\/2025\/08\/2025Wniosek-o-zwolnienie-z-oplat-za-swiadczenia-przedszkola-_-ze-zm.-IOD.pdf\"><span style=\"font-size: 16px\">tutaj<\/span><\/a>)<\/li>\n<\/ul>\n<p style=\"padding-left: 40px\">Zgodnie z uchwa\u0142\u0105 NR LVII\/1513\/22 z dnia 15 wrze\u015bnia 2022 r.\u00a0 &amp; 2 pkt. 1,2 Rady Miejskiej\u00a0 Wroc\u0142awia\u00a0 <strong>zwalnia si\u0119 z op\u0142aty za pobyt, <\/strong>\u00a0<strong>rodzic\u00f3w posiadaj\u0105cych co najmniej troje dzieci pozostaj\u0105cych na ich utrzymaniu i we wsp\u00f3lnym gospodarstwie domowym<\/strong> . Je\u017celi dziecko jest pe\u0142noletnie przy ustaleniu uprawnienia do zwolnienia z op\u0142aty uwzgl\u0119dnia si\u0119 wy\u0142\u0105cznie dzieci pobieraj\u0105ce nauk\u0119 (wymagane <strong>za\u015bwiadczenie ze szko\u0142y<\/strong>) jednak nie d\u0142u\u017cej ni\u017c do uko\u0144czenia 24 roku \u017cycia. Wy\u017cej wymieniona uchwa\u0142a <strong>nie zwalnia z op\u0142aty za \u017cywienie dziecka<\/strong>.<\/p>\n<p style=\"padding-left: 40px\">W trakcie roku szkolnego, je\u017celi urodzi si\u0119 trzecie dziecko w rodzinie prosimy o niezw\u0142oczne z\u0142o\u017cenie ww. o\u015bwiadczenia w celu przeliczenia op\u0142aty.<\/p>\n<ul>\n<li><strong>O\u015aWIADCZENIE\u00a0 RODZICA\u00a0 O\u00a0 POTRZEBIE\u00a0 ZASTOSOWANIA\u00a0 U DZIECKA DIETY\u00a0 ELIMINACYJNEJ\u00a0<\/strong> \u2013 w przypadku potrzeby zastosowania u dziecka diety eliminacyjnej nale\u017cy z\u0142o\u017cy\u0107 u intendenta przedszkola o\u015bwiadczenie oraz przed\u0142o\u017cy\u0107 (jedynie do wgl\u0105du) stosowane za\u015bwiadczenie lekarskie. \u00a0Ka\u017cda dieta eliminacyjna musi by\u0107 personalnie ustalona z intendentem plac\u00f3wki. Zmian dotycz\u0105cych diety dziecka mo\u017cna dokona\u0107 wy\u0142\u0105cznie w pierwszym dniu miesi\u0105ca. <u>&#8222;O\u015bwiadczenia rodzica o potrzebie zastosowania u dziecka diety eliminacyjnej&#8221;<\/u>\u00a0 (druk: <a href=\"https:\/\/przedszkole51.edu.wroclaw.pl\/wp-content\/uploads\/sites\/69\/2025\/08\/OSWIADCZENIE-DIETA.pdf\">tutaj<\/a>)<\/li>\n<\/ul>\n<h1><\/h1>\n<h1><span style=\"color: #ff0000\">UWAGA !!!\u00a0 &#8211; dokumenty\u00a0<\/span><span style=\"color: #ff0000\">do pobrania i przekazania nauczycielom\u00a0<\/span><\/h1>\n<h1><span style=\"color: #ff0000\">\u00a0 \u00a0 \u00a0 \u00a0 \u00a0 \u00a0 \u00a0 \u00a0 \u00a0 \u00a0 \u00a0 \u00a0 \u00a0 \u00a0 \u00a0 \u00a0 \u00a0 \u00a0 \u00a0 \u00a0 \u00a0zosta\u0142y\u00a0 ZAKTUALIZOWANE\u00a0 \u00a0<\/span><\/h1>\n<p>&nbsp;<\/p>\n<p><span style=\"font-size: 20px\"><strong>DOKUMENTACJA\u00a0 PRZEDSZKOLNA<\/strong><\/span>, kt\u00f3r\u0105 <strong>nale\u017cy przekaza\u0107 WYCHOWAWCY\u00a0 grupy<\/strong> <strong>w pierwszym dniu<\/strong> pobytu dziecka w przedszkolu:<\/p>\n<p>&nbsp;<\/p>\n<ul>\n<li><strong>EDUKACJA DZIECKA\u00a0 W\u00a0 PLAC\u00d3WCE<\/strong>\u00a0 \u2013 zgoda na przetwarzanie danych osobowych wymagana dla ka\u017cdego dziecka ucz\u0119szczaj\u0105cego do naszej plac\u00f3wki. (druk:<a href=\"https:\/\/przedszkole51.edu.wroclaw.pl\/wp-content\/uploads\/sites\/69\/2025\/08\/2025Klauzula-edukacja-dziecka-w-placowce.pdf\"> tutaj<\/a>)<\/li>\n<\/ul>\n<p>&nbsp;<\/p>\n<ul>\n<li><strong>KARTA OS\u00d3B UPOWA\u017bNIONYCH PRZEZ RODZIC\u00d3W\/OPIEKUN\u00d3W PRAWNYCH DO ODBIERANIA DZIECKA Z PRZEDSZKOLA \u2013<\/strong> UWAGA!!! Integraln\u0105 cz\u0119\u015bci\u0105 w\/w Karty jest \u201eKlauzula informacyjna dla os\u00f3b upowa\u017cnionych do odbioru dziecka z przedszkola\u201d umieszczona poni\u017cej. (druk: <a href=\"https:\/\/przedszkole51.edu.wroclaw.pl\/wp-content\/uploads\/sites\/69\/2025\/08\/2025Karta-do-odbioru-dziecka-z-przedszkola-nr-51_rok-szkolny-2025_2026_ze-zm.-IOD-1.pdf\">tutaj<\/a>)<\/li>\n<\/ul>\n<p>&nbsp;<\/p>\n<ul>\n<li><strong>KLAUZULA INFORMACYJNA DLA OS\u00d3B UPOWA\u017bNIONYCH PRZEZ RODZIC\u00d3W\/OPIEKUN\u00d3W PRAWNYCH DO ODBIORU DZIECKA Z PRZEDSZKOLA<\/strong> \u2013 UWAGA!!! Ka\u017cda osoba upowa\u017cniona do odbioru dziecka z plac\u00f3wki musi w\u0142asnor\u0119cznie podpisa\u0107 w\/w klauzul\u0119 informacyjn\u0105. \u201eKlauzula informacyjna\u2026\u201d stanowi integraln\u0105 cz\u0119\u015b\u0107 \u201eKarty os\u00f3b upowa\u017cnionych do odbioru dziecka z przedszkola\u201d. (druk: <a href=\"https:\/\/przedszkole51.edu.wroclaw.pl\/wp-content\/uploads\/sites\/69\/2025\/08\/2025Klauzula-dla-osob-upowaznionych-do-odbioru-dziecka-z-przedszkola.pdf\">tutaj<\/a>)<\/li>\n<\/ul>\n<ul>\n<li><strong>ZGODA W ZAKRESIE PRZETWARZANIA WIZERUNKU DZIECKA.<\/strong> \u2013 wyra\u017cenie zgody lub sprzeciwu na fotografowanie dziecka podczas zaj\u0119\u0107, przedszkolnych uroczysto\u015bci, wyst\u0119p\u00f3w itp. (druk: <a href=\"https:\/\/przedszkole51.edu.wroclaw.pl\/wp-content\/uploads\/sites\/69\/2025\/08\/2025Zgoda-na-przetwarzanie-wizerunku-dziecka_zdjecia-i-filmiki_ze-zm.-IOD.pdf\">tutaj<\/a>)<\/li>\n<\/ul>\n<ul>\n<li><strong>ZG\u0141OSZENIE DZIECKA DO UDZIA\u0141U W LEKCJACH RELIGII <\/strong>\u2013 dotyczy dzieci, kt\u00f3rych rodzice wyra\u017caj\u0105 ch\u0119\u0107 udzia\u0142u dziecka w zaj\u0119ciach z religii. (druk: <a href=\"https:\/\/przedszkole51.edu.wroclaw.pl\/wp-content\/uploads\/sites\/69\/2025\/08\/2025Zgoda-na-udzial-w-lekcjach-religii_-ze-zm.-IOD.pdf\">tutaj<\/a>)<\/li>\n<\/ul>\n<\/div>\n<ul>\n<li><strong>DANE\u00a0 DO\u00a0 DZIENNIKA<\/strong> &#8211; dane niezb\u0119dne do uzupe\u0142nienia przez nauczycieli dokumentacji przedszkolnej. (druk: <a href=\"https:\/\/przedszkole51.edu.wroclaw.pl\/wp-content\/uploads\/sites\/69\/2025\/08\/2025Dane-do-dziennika-nowy-druk_ze-zm.-IOD.pdf\">tutaj<\/a>)<\/li>\n<\/ul>\n<div class=\"wpb_wrapper\">\n<p>&nbsp;<\/p>\n<p><span style=\"font-size: 20px\"><strong><img loading=\"lazy\" decoding=\"async\" class=\"wp-image-2566 aligncenter\" src=\"https:\/\/przedszkole51.edu.wroclaw.pl\/wp-content\/uploads\/sites\/69\/2023\/08\/Wykrzyknik-300x300.jpg\" alt=\"\" width=\"125\" height=\"125\" srcset=\"https:\/\/przedszkole51.edu.wroclaw.pl\/wp-content\/uploads\/sites\/69\/2023\/08\/Wykrzyknik-300x300.jpg 300w, https:\/\/przedszkole51.edu.wroclaw.pl\/wp-content\/uploads\/sites\/69\/2023\/08\/Wykrzyknik-150x150.jpg 150w, https:\/\/przedszkole51.edu.wroclaw.pl\/wp-content\/uploads\/sites\/69\/2023\/08\/Wykrzyknik.jpg 600w\" sizes=\"auto, (max-width: 125px) 100vw, 125px\" \/>INFORMACJE\u00a0 OG\u00d3LNE:<\/strong><\/span><\/p>\n<ul>\n<li>Stawka \u017cywieniowa w naszej plac\u00f3wce od dnia 1.09.2025 wynosi:<\/li>\n<\/ul>\n<p style=\"padding-left: 40px\">\u2013 stawka podstawowa:\u00a0 14, 00 z\u0142<\/p>\n<p style=\"padding-left: 40px\">\u2013 dieta bezmleczna:\u00a0 \u00a0 \u00a0 15,00 z\u0142<\/p>\n<p style=\"padding-left: 40px\">\u2013 dieta bezglutenowa i inna specjalna: 16,00 z\u0142<\/p>\n<ul>\n<li><strong>Rejestracja pobytu dziecka w przedszkolu odbywa si\u0119 poprzez wpisywanie kod\u00f3w i hase\u0142 na czytnikach\u00a0 <\/strong>umieszczonych przy szatniach (podczas przyprowadzania i odbierania dzieci). <em><strong>Indywidualne KODY i HAS\u0141A otrzymacie Pa\u0144stwo od nauczycieli\u00a0 poszczeg\u00f3lnych grup.<\/strong><\/em><\/li>\n<\/ul>\n<p>&nbsp;<\/p>\n<ul>\n<li>\u00a0 Op\u0142ata za pobyt dziecka w Przedszkolu wynosi 1,44\u00a0 z\u0142 za ka\u017cd\u0105 rozpocz\u0119t\u0105 godzin\u0119 pobytu poza 5 godzinnym wymiarem bezp\u0142atnych \u015bwiadcze\u0144 dla dzieci 3,4,5 letnich\u00a0 \u2013 UCHWA\u0141A NR III\/18\/24\u00a0 RADY MIEJSKIEJ WROC\u0141AWIA z dn. 06 czerwca 2024. Uchwa\u0142a wchodzi w \u017cycie z dniem 1 wrze\u015bnia\u00a0 2024 r.<\/li>\n<li>Rozliczenie za pobyt i \u017cywienie odbywa si\u0119 z &#8222;do\u0142u&#8221;\u00a0 za odbyty miesi\u0105c.\u00a0 Informacja o op\u0142atach wysy\u0142ana jest na\u00a0 wskazanego przez rodzica adres mailowy.\u00a0 Op\u0142aty nale\u017cy dokona\u0107 do 15-go dnia ka\u017cdego miesi\u0105ca.\u00a0 Prosimy o terminowe wnoszenie\u00a0 op\u0142at.<\/li>\n<\/ul>\n<p>&nbsp;<\/p>\n<ul>\n<li>Rano dzieci przyprowadzamy do godz. <strong>8:30<\/strong> (o tej godzinie zliczana jest obecno\u015b\u0107 dzieci i zg\u0142aszana ilo\u015b\u0107 posi\u0142k\u00f3w do cateringu). Ewentualne sp\u00f3\u017anienie dziecka zg\u0142aszamy telefonicznie do sekretariatu plac\u00f3wki lub intendenta do godz. 8:30.<\/li>\n<\/ul>\n<p style=\"padding-left: 40px\">Telefon: <strong>(71) 798 67 95<\/strong><\/p>\n<div class=\"wpb_text_column wpb_content_element \" style=\"padding-left: 40px\">\n<div class=\"wpb_wrapper\" style=\"padding-left: 40px\">\n<p style=\"padding-left: 40px\">wew. <strong>100<\/strong> \u2013 sekretariat<\/p>\n<p style=\"padding-left: 40px\">wew.<strong>113<\/strong> \u2013 intendent<\/p>\n<p style=\"padding-left: 40px\">wew. <strong>151<\/strong> \u2013 budynek przy ul. Warszawskiej<\/p>\n<\/div>\n<\/div>\n<ul>\n<li>Wszystkich rodzic\u00f3w prosimy o uwa\u017cnie zapoznanie si\u0119 ze Statutem Przedszkola nr 51 \u201eKolorowy Pocz\u0105tek\u201d we Wroc\u0142awiu. (Statut Przedszkola nr 51: <a href=\"https:\/\/przedszkole51.edu.wroclaw.pl\/wp-content\/uploads\/sites\/69\/2022\/10\/STATUT-PRZEDSZKOLA-nowelizacja-wrzesien-2022r.-wersja-koncowa.pdf\">tutaj<\/a>)<\/li>\n<\/ul>\n<p>&nbsp;<\/p>\n<p><span style=\"font-size: 20px\"><strong><img loading=\"lazy\" decoding=\"async\" class=\"wp-image-2566 aligncenter\" src=\"https:\/\/przedszkole51.edu.wroclaw.pl\/wp-content\/uploads\/sites\/69\/2023\/08\/Wykrzyknik-300x300.jpg\" alt=\"\" width=\"129\" height=\"129\" srcset=\"https:\/\/przedszkole51.edu.wroclaw.pl\/wp-content\/uploads\/sites\/69\/2023\/08\/Wykrzyknik-300x300.jpg 300w, https:\/\/przedszkole51.edu.wroclaw.pl\/wp-content\/uploads\/sites\/69\/2023\/08\/Wykrzyknik-150x150.jpg 150w, https:\/\/przedszkole51.edu.wroclaw.pl\/wp-content\/uploads\/sites\/69\/2023\/08\/Wykrzyknik.jpg 600w\" sizes=\"auto, (max-width: 129px) 100vw, 129px\" \/>WYPRAWKA\u00a0 PRZEDSZKOLNA:<br \/>\n<\/strong><\/span><\/p>\n<ul>\n<li><strong>Obuwie zmienne<\/strong> (z\u00a0 jasn\u0105 podeszw\u0105).<\/li>\n<\/ul>\n<p>&nbsp;<\/p>\n<ul>\n<li><strong>Ubrania na zmian\u0119<\/strong> (majteczki, podkoszulki, leginsy lub spodenki, skarpetki itp. &#8211; aktualne do pory roku).\u00a0 Prosimy, aby rzeczy schowane by\u0142y w materia\u0142owe woreczki\/torby i umieszczone w indywidualnej szafce dziecka w szatni.<\/li>\n<\/ul>\n<p>&nbsp;<\/p>\n<ul>\n<li><strong>Rzeczy do\u00a0 spania ( wy\u0142\u0105cznie dla dzieci 3 letnich)<\/strong>:\u00a0 poduszka jasiek oraz du\u017cy kocyk\u00a0 (prosimy nie przynosi\u0107 po\u015bcieli). Rzeczy te przekazujemy wychowawcy grupy.<\/li>\n<\/ul>\n<p>&nbsp;<\/p>\n<ul>\n<li><strong>UWAGA!!!<\/strong> &#8211;<strong> wszystkie rzeczy<\/strong> dziecka prosimy <strong>podpisa\u0107<\/strong> jego imieniem i pierwsz\u0105 liter\u0105 nazwiska.<\/li>\n<\/ul>\n<ol>\n<li style=\"list-style-type: none\"><img loading=\"lazy\" decoding=\"async\" class=\"wp-image-2566 aligncenter\" src=\"https:\/\/przedszkole51.edu.wroclaw.pl\/wp-content\/uploads\/sites\/69\/2023\/08\/Wykrzyknik-300x300.jpg\" alt=\"\" width=\"130\" height=\"130\" srcset=\"https:\/\/przedszkole51.edu.wroclaw.pl\/wp-content\/uploads\/sites\/69\/2023\/08\/Wykrzyknik-300x300.jpg 300w, https:\/\/przedszkole51.edu.wroclaw.pl\/wp-content\/uploads\/sites\/69\/2023\/08\/Wykrzyknik-150x150.jpg 150w, https:\/\/przedszkole51.edu.wroclaw.pl\/wp-content\/uploads\/sites\/69\/2023\/08\/Wykrzyknik.jpg 600w\" sizes=\"auto, (max-width: 130px) 100vw, 130px\" \/>W p\u00f3\u017aniejszym terminie poinformujemy <strong>Pa\u0144stwa o terminie zebra\u0144 organizacyjnych<\/strong>. Prosimy \u015bledzi\u0107\u00a0 &#8222;Aktualno\u015bci&#8221; na naszej stronie internetow\u0105ej<\/li>\n<\/ol>\n<\/div>\n<\/div>\n<\/div>\n<\/div>\n<\/div>\n<\/div>\n<\/section>\n<\/div>\n<p>[\/vc_column_text][\/vc_column][\/vc_row]<\/p>\n<\/div>","protected":false},"excerpt":{"rendered":"<p>[vc_row][vc_column][vc_column_text css=&#8221;&#8221;] ROK SZKOLNY 2025\/2026 I N F O R M A C J A dla rodzic\u00f3w dzieci nowo przyj\u0119tych &nbsp; DOKUMENTACJA\u00a0 PRZEDSZKOLNA, kt\u00f3r\u0105 nale\u017cy z\u0142o\u017cy\u0107 w plac\u00f3wce\u00a0 przy ul. [&hellip;]<\/p>\n","protected":false},"author":266,"featured_media":0,"parent":584,"menu_order":0,"comment_status":"closed","ping_status":"closed","template":"","meta":{"ngg_post_thumbnail":0,"footnotes":""},"class_list":["post-2562","page","type-page","status-publish","hentry","clearfix"],"_links":{"self":[{"href":"https:\/\/przedszkole51.edu.wroclaw.pl\/index.php\/wp-json\/wp\/v2\/pages\/2562","targetHints":{"allow":["GET"]}}],"collection":[{"href":"https:\/\/przedszkole51.edu.wroclaw.pl\/index.php\/wp-json\/wp\/v2\/pages"}],"about":[{"href":"https:\/\/przedszkole51.edu.wroclaw.pl\/index.php\/wp-json\/wp\/v2\/types\/page"}],"author":[{"embeddable":true,"href":"https:\/\/przedszkole51.edu.wroclaw.pl\/index.php\/wp-json\/wp\/v2\/users\/266"}],"replies":[{"embeddable":true,"href":"https:\/\/przedszkole51.edu.wroclaw.pl\/index.php\/wp-json\/wp\/v2\/comments?post=2562"}],"version-history":[{"count":35,"href":"https:\/\/przedszkole51.edu.wroclaw.pl\/index.php\/wp-json\/wp\/v2\/pages\/2562\/revisions"}],"predecessor-version":[{"id":5145,"href":"https:\/\/przedszkole51.edu.wroclaw.pl\/index.php\/wp-json\/wp\/v2\/pages\/2562\/revisions\/5145"}],"up":[{"embeddable":true,"href":"https:\/\/przedszkole51.edu.wroclaw.pl\/index.php\/wp-json\/wp\/v2\/pages\/584"}],"wp:attachment":[{"href":"https:\/\/przedszkole51.edu.wroclaw.pl\/index.php\/wp-json\/wp\/v2\/media?parent=2562"}],"curies":[{"name":"wp","href":"https:\/\/api.w.org\/{rel}","templated":true}]}}