
{"id":2564,"date":"2023-08-09T14:06:07","date_gmt":"2023-08-09T12:06:07","guid":{"rendered":"https:\/\/przedszkole51.edu.wroclaw.pl\/?page_id=2564"},"modified":"2025-08-04T13:55:30","modified_gmt":"2025-08-04T11:55:30","slug":"informacje-dla-rodzicow-dzieci-uczeszczajacych-juz-do-naszej-placowki","status":"publish","type":"page","link":"https:\/\/przedszkole51.edu.wroclaw.pl\/index.php\/biezace-informacje-dla-rodzicow\/informacje-dla-rodzicow-dzieci-uczeszczajacych-juz-do-naszej-placowki\/","title":{"rendered":"Informacje dla rodzic\u00f3w dzieci ucz\u0119szczaj\u0105cych ju\u017c do naszej plac\u00f3wki"},"content":{"rendered":"<div class=\"wpb-content-wrapper\"><p>[vc_row][vc_column][vc_column_text css=&#8221;&#8221;]<\/p>\n<p style=\"text-align: center\"><span style=\"font-size: 20px\"><strong><img loading=\"lazy\" decoding=\"async\" class=\"alignnone size-medium wp-image-2590\" src=\"https:\/\/przedszkole51.edu.wroclaw.pl\/wp-content\/uploads\/sites\/69\/2023\/08\/Dzieci-300x135.jpg\" alt=\"\" width=\"300\" height=\"135\" srcset=\"https:\/\/przedszkole51.edu.wroclaw.pl\/wp-content\/uploads\/sites\/69\/2023\/08\/Dzieci-300x135.jpg 300w, https:\/\/przedszkole51.edu.wroclaw.pl\/wp-content\/uploads\/sites\/69\/2023\/08\/Dzieci.jpg 564w\" sizes=\"auto, (max-width: 300px) 100vw, 300px\" \/><\/strong><\/span><\/p>\n<p style=\"text-align: center\"><span style=\"font-size: 20px\"><strong>ROK SZKOLNY 2025\/2026<\/strong><\/span><\/p>\n<p style=\"text-align: center\"><strong><span style=\"font-size: 20px\">I N F O R M A C J E<\/span><br \/>\n<\/strong><\/p>\n<p>&nbsp;<\/p>\n<ul>\n<li><strong>Op\u0142ata za pobyt<\/strong> dziecka w przedszkolu wynosi <strong>1,44 z\u0142<\/strong> za ka\u017cd\u0105 rozpocz\u0119t\u0105 godzin\u0119 pobytu poza 5 godzinnym wymiarem bezp\u0142atnych \u015bwiadcze\u0144 dla dzieci 3,4,5 letnich \u2013 UCHWA\u0141A NR III\/18\/24\u00a0 RADY MIEJSKIEJ WROC\u0141AWIA z dn. 06 czerwca 2024r. Uchwa\u0142a wesz\u0142a\u00a0 w \u017cycie z dniem 1 wrze\u015bnia 2024 r.<\/li>\n<\/ul>\n<ul>\n<li><strong>Rejestracja pobytu dziecka w przedszkolu odbywa si\u0119 poprzez wpisywanie kod\u00f3w i hase\u0142 na czytnikach\u00a0 <\/strong>umieszczonych przy szatniach (podczas przyprowadzania i odbierania dzieci).<\/li>\n<\/ul>\n<ul>\n<li style=\"text-align: left\">Od dnia 01.09.2025 r. <strong>stawka \u017cywieniowa<\/strong> w naszej plac\u00f3wce wynosi:<\/li>\n<\/ul>\n<p style=\"padding-left: 40px\">\u2013 stawka podstawowa:\u00a0 <strong>14,00 z\u0142<\/strong><\/p>\n<p style=\"padding-left: 40px\">\u2013 dieta bezmleczna: <strong>15,00 z\u0142<\/strong><\/p>\n<p style=\"padding-left: 40px\">\u2013 dieta specjalna\u00a0 : <strong>16,00<\/strong> <strong>\u00a0z\u0142<\/strong><\/p>\n<ul>\n<li>Rano <strong>dzieci przyprowadzamy<\/strong> do godz. <strong>8:30<\/strong> (o tej godzinie zliczana jest obecno\u015b\u0107 dzieci i zg\u0142aszana ilo\u015b\u0107 posi\u0142k\u00f3w do cateringu). Ewentualne <strong>sp\u00f3\u017anienie dziecka zg\u0142aszamy telefonicznie<\/strong> do sekretariatu plac\u00f3wki lub intendenta <strong>do godz. 8:30<\/strong>.<\/li>\n<\/ul>\n<p style=\"padding-left: 40px\">Telefon: <strong>(71) 798 67 95<\/strong><\/p>\n<div class=\"wpb_text_column wpb_content_element \" style=\"padding-left: 40px\">\n<div class=\"wpb_wrapper\" style=\"padding-left: 40px\">\n<p style=\"padding-left: 40px\">wew. <strong>100<\/strong> \u2013 sekretariat<\/p>\n<p style=\"padding-left: 40px\">wew.<strong>113<\/strong> \u2013 intendent<\/p>\n<p style=\"padding-left: 40px\">wew. <strong>151<\/strong> \u2013 budynek przy ul. Warszawskiej<\/p>\n<\/div>\n<\/div>\n<ul>\n<li>Wszystkich rodzic\u00f3w prosimy o uwa\u017cnie <strong>zapoznanie si\u0119 ze Statutem Przedszkola<\/strong> nr 51 \u201eKolorowy Pocz\u0105tek\u201d we Wroc\u0142awiu. (Statut Przedszkola nr 51: <a href=\"https:\/\/przedszkole51.edu.wroclaw.pl\/wp-content\/uploads\/sites\/69\/2022\/10\/STATUT-PRZEDSZKOLA-nowelizacja-wrzesien-2022r.-wersja-koncowa.pdf\">tutaj<\/a>)<\/li>\n<\/ul>\n<p><strong>RODZICE<\/strong><\/p>\n<p>dzieci ucz\u0119szczaj\u0105cych do naszej plac\u00f3wki, kt\u00f3rzy wype\u0142niali karty informacyjne w ubieg\u0142ych\u00a0\u00a0 latach,<\/p>\n<p>wype\u0142niaj\u0105\u00a0 ponownie karty\u00a0\u00a0 <strong><u>jedynie w przypadku zmian<\/u><\/strong>\u00a0 takich jak:<\/p>\n<p>zmiana adresu zamieszkania, nr telefonu, numeru konta bankowego<\/p>\n<p><strong>natomiast<\/strong><\/p>\n<h2><strong><u>WYMAGANA\u00a0 jest\u00a0 aktualizacja<\/u><\/strong><strong><u>\u00a0 <\/u><\/strong>na rok szkolny\u00a0 2025\/2026<\/h2>\n<ul>\n<li>o\u015bwiadcze\u0144 o wielodzietno\u015bci\u00a0 (nie dotyczy dzieci\u00a0 6 letnich \u2013 rocznik 2019)<\/li>\n<\/ul>\n<ul>\n<li>za\u015bwiadcze\u0144 lekarskich o potrzebie zastosowania<strong><u>\u00a0 DIETY\u00a0 ELIMINACYJNEJ<\/u><\/strong>.<\/li>\n<\/ul>\n<p>Ww.\u00a0 dokumenty nale\u017cy z\u0142o\u017cy\u0107 najp\u00f3\u017aniej\u00a0 \u00a0<strong>do dnia 22.09.2025 r.<\/strong>[\/vc_column_text][\/vc_column][\/vc_row]<\/p>\n<\/div>","protected":false},"excerpt":{"rendered":"<p>[vc_row][vc_column][vc_column_text css=&#8221;&#8221;] ROK SZKOLNY 2025\/2026 I N F O R M A C J E &nbsp; Op\u0142ata za pobyt dziecka w przedszkolu wynosi 1,44 z\u0142 za ka\u017cd\u0105 rozpocz\u0119t\u0105 godzin\u0119 pobytu [&hellip;]<\/p>\n","protected":false},"author":266,"featured_media":0,"parent":584,"menu_order":0,"comment_status":"closed","ping_status":"closed","template":"","meta":{"ngg_post_thumbnail":0,"footnotes":""},"class_list":["post-2564","page","type-page","status-publish","hentry","clearfix"],"_links":{"self":[{"href":"https:\/\/przedszkole51.edu.wroclaw.pl\/index.php\/wp-json\/wp\/v2\/pages\/2564","targetHints":{"allow":["GET"]}}],"collection":[{"href":"https:\/\/przedszkole51.edu.wroclaw.pl\/index.php\/wp-json\/wp\/v2\/pages"}],"about":[{"href":"https:\/\/przedszkole51.edu.wroclaw.pl\/index.php\/wp-json\/wp\/v2\/types\/page"}],"author":[{"embeddable":true,"href":"https:\/\/przedszkole51.edu.wroclaw.pl\/index.php\/wp-json\/wp\/v2\/users\/266"}],"replies":[{"embeddable":true,"href":"https:\/\/przedszkole51.edu.wroclaw.pl\/index.php\/wp-json\/wp\/v2\/comments?post=2564"}],"version-history":[{"count":18,"href":"https:\/\/przedszkole51.edu.wroclaw.pl\/index.php\/wp-json\/wp\/v2\/pages\/2564\/revisions"}],"predecessor-version":[{"id":5055,"href":"https:\/\/przedszkole51.edu.wroclaw.pl\/index.php\/wp-json\/wp\/v2\/pages\/2564\/revisions\/5055"}],"up":[{"embeddable":true,"href":"https:\/\/przedszkole51.edu.wroclaw.pl\/index.php\/wp-json\/wp\/v2\/pages\/584"}],"wp:attachment":[{"href":"https:\/\/przedszkole51.edu.wroclaw.pl\/index.php\/wp-json\/wp\/v2\/media?parent=2564"}],"curies":[{"name":"wp","href":"https:\/\/api.w.org\/{rel}","templated":true}]}}