
{"id":3637,"date":"2024-08-13T11:58:49","date_gmt":"2024-08-13T09:58:49","guid":{"rendered":"https:\/\/przedszkole51.edu.wroclaw.pl\/?page_id=3637"},"modified":"2025-03-11T09:55:52","modified_gmt":"2025-03-11T08:55:52","slug":"programy-i-projekty","status":"publish","type":"page","link":"https:\/\/przedszkole51.edu.wroclaw.pl\/index.php\/programy-i-projekty\/","title":{"rendered":"Programy i projekty"},"content":{"rendered":"<div class=\"wpb-content-wrapper\"><p>[vc_row][vc_column][vc_column_text css=&#8221;&#8221;]<\/p>\n<h2>Realizujemy zaj\u0119cia w ramach program\u00f3w i projekt\u00f3w og\u00f3lnopolskich, miejskich oraz wewn\u0119trznych:<\/h2>\n<p>&nbsp;<\/p>\n<ul>\n<li>\u201eBezpiecznie wok\u00f3\u0142 nas\u201d,<\/li>\n<li>\u201eCa\u0142y Wroc\u0142aw czyta\u201d,<\/li>\n<li>\u201eEko podr\u00f3\u017ce &#8211; ma\u0142e i du\u017ce\u201d,<\/li>\n<li>\u201eSen \u017byrafy\u201d,<\/li>\n<li>\u201eKodowanie na dywanie\u201d,<\/li>\n<li>\u201eMatematyka i ja\u201d,<\/li>\n<li>\u201eFitschool\u201d,<\/li>\n<li>\u201eMali Wspaniali\u201d,<\/li>\n<li>\u201eKa\u017cdy zuch lubi ruch\u201d,<\/li>\n<li>\u201eProgram Promocji Zdrowia\u201d,<\/li>\n<li>\u201eLaurka dla mamy &#8211; Badajcie si\u0119 drogie Mamy, bo my dzieci Was kochamy\u201d &#8211; wojew\u00f3dzki program edukacyjny,<\/li>\n<li>\u201eM\u00f3wimy poprawnie\u201d \u2013 program terapii logopedycznej,<\/li>\n<li>&#8222;Ma\u0142y mi\u015b w \u015bwiecie wielkiej literatury&#8221;.<\/li>\n<\/ul>\n<p>[\/vc_column_text][\/vc_column][\/vc_row][vc_row][vc_column][vc_column_text css=&#8221;&#8221;]<img loading=\"lazy\" decoding=\"async\" class=\"alignnone size-medium wp-image-3762 aligncenter\" src=\"https:\/\/przedszkole51.edu.wroclaw.pl\/wp-content\/uploads\/sites\/69\/2024\/10\/dzeciaki-300x187.png\" alt=\"\" width=\"300\" height=\"187\" srcset=\"https:\/\/przedszkole51.edu.wroclaw.pl\/wp-content\/uploads\/sites\/69\/2024\/10\/dzeciaki-300x187.png 300w, https:\/\/przedszkole51.edu.wroclaw.pl\/wp-content\/uploads\/sites\/69\/2024\/10\/dzeciaki.png 380w\" sizes=\"auto, (max-width: 300px) 100vw, 300px\" \/>[\/vc_column_text][vc_separator][vc_separator color=&#8221;black&#8221; css=&#8221;&#8221;][vc_column_text css=&#8221;&#8221;]<\/p>\n<h3><span style=\"color: #993300;\">POZNAJ&nbsp; NASZE&nbsp; PROGRAMY&nbsp; I&nbsp; PROJEKTY<br \/>\n<\/span><\/h3>\n<p>[\/vc_column_text][vc_btn title=&#8221;Bezpiecznie wok\u00f3\u0142 nas&#8221; style=&#8221;classic&#8221; color=&#8221;warning&#8221; size=&#8221;lg&#8221; css=&#8221;&#8221; link=&#8221;url:https%3A%2F%2Fprzedszkole51.edu.wroclaw.pl%2Findex.php%2F2021%2F12%2F28%2Fbezpiecznie-wokol-nas%2F&#8221;][vc_btn title=&#8221;Ca\u0142y Wroc\u0142aw czyta&#8221; style=&#8221;classic&#8221; color=&#8221;danger&#8221; size=&#8221;lg&#8221; css=&#8221;&#8221; link=&#8221;url:https%3A%2F%2Fprzedszkole51.edu.wroclaw.pl%2Findex.php%2F2021%2F12%2F28%2Fcaly-wroclaw-czyta%2F&#8221;][vc_btn title=&#8221;Eko-podr\u00f3\u017ce ma\u0142e i du\u017ce&#8221; color=&#8221;warning&#8221; size=&#8221;lg&#8221; css=&#8221;&#8221; link=&#8221;url:https%3A%2F%2Fprzedszkole51.edu.wroclaw.pl%2Findex.php%2F2022%2F01%2F15%2Feko-podroze%2F&#8221;][vc_btn title=&#8221;Program promocji zdrowia&#8221; color=&#8221;danger&#8221; size=&#8221;lg&#8221; css=&#8221;&#8221; link=&#8221;url:https%3A%2F%2Fprzedszkole51.edu.wroclaw.pl%2Findex.php%2F2021%2F12%2F28%2Fprogram-promocji-zdrowia%2F&#8221;][vc_btn title=&#8221;FitSchool&#8221; color=&#8221;warning&#8221; size=&#8221;lg&#8221; css=&#8221;&#8221; link=&#8221;url:https%3A%2F%2Fprzedszkole51.edu.wroclaw.pl%2Findex.php%2F2024%2F10%2F05%2Ffit-school%2F&#8221;][vc_btn title=&#8221;Kodowanie na dywanie&#8221; color=&#8221;danger&#8221; size=&#8221;lg&#8221; css=&#8221;&#8221; link=&#8221;url:https%3A%2F%2Fprzedszkole51.edu.wroclaw.pl%2Findex.php%2F2021%2F12%2F28%2Fkodowanie-na-dywanie%2F&#8221;][vc_btn title=&#8221;Sen \u017byrafy&#8221; color=&#8221;warning&#8221; size=&#8221;lg&#8221; css=&#8221;&#8221; link=&#8221;url:https%3A%2F%2Fprzedszkole51.edu.wroclaw.pl%2Findex.php%2F2021%2F12%2F28%2Fsen-zyrafy%2F&#8221;][vc_btn title=&#8221;Ka\u017cdy zuch lubi ruch&#8221; color=&#8221;danger&#8221; size=&#8221;lg&#8221; css=&#8221;&#8221; link=&#8221;url:https%3A%2F%2Fprzedszkole51.edu.wroclaw.pl%2Findex.php%2F2022%2F05%2F27%2Fkazdy-zuch-lubi-ruch%2F&#8221;][vc_btn title=&#8221;Laurka dla Mamy- Badajcie si\u0119 mamy&#8230;&#8221; color=&#8221;warning&#8221; size=&#8221;lg&#8221; css=&#8221;&#8221; link=&#8221;url:https%3A%2F%2Fprzedszkole51.edu.wroclaw.pl%2Findex.php%2F2024%2F04%2F12%2Flaurka-dla-mamy-badajcie-sie-drogie-mamy-bo-my-dzieci-was-kochamy%2F&#8221;][vc_btn title=&#8221;Mali Wspaniali&#8221; color=&#8221;danger&#8221; size=&#8221;lg&#8221; css=&#8221;&#8221; link=&#8221;url:https%3A%2F%2Fprzedszkole51.edu.wroclaw.pl%2Findex.php%2F2024%2F10%2F05%2Fmali-wspaniali%2F&#8221;][vc_btn title=&#8221;M\u00f3wimy poprawnie&#8221; color=&#8221;warning&#8221; size=&#8221;lg&#8221; css=&#8221;&#8221; link=&#8221;url:https%3A%2F%2Fprzedszkole51.edu.wroclaw.pl%2Findex.php%2F2024%2F10%2F05%2Fmowimy-poprawnie%2F&#8221;][vc_btn title=&#8221;Matemtyka i ja&#8221; color=&#8221;danger&#8221; size=&#8221;lg&#8221; css=&#8221;&#8221; link=&#8221;url:https%3A%2F%2Fprzedszkole51.edu.wroclaw.pl%2Findex.php%2F2024%2F10%2F05%2Fmatematyka-i-ja%2F&#8221;][vc_btn title=&#8221;Ma\u0142y mi\u015b w \u015bwiecie wielkiej literatury&#8221; color=&#8221;warning&#8221; size=&#8221;lg&#8221; css=&#8221;&#8221; link=&#8221;url:https%3A%2F%2Fprzedszkole51.edu.wroclaw.pl%2Findex.php%2F2024%2F10%2F05%2Fprojekt-maly-mis-w-swiecie-wielkiej-literatury%2F&#8221;][\/vc_column][\/vc_row]<\/p>\n<\/div>","protected":false},"excerpt":{"rendered":"<p>[vc_row][vc_column][vc_column_text css=&#8221;&#8221;] Realizujemy zaj\u0119cia w ramach program\u00f3w i projekt\u00f3w og\u00f3lnopolskich, miejskich oraz wewn\u0119trznych: &nbsp; \u201eBezpiecznie wok\u00f3\u0142 nas\u201d, \u201eCa\u0142y Wroc\u0142aw czyta\u201d, \u201eEko podr\u00f3\u017ce &#8211; ma\u0142e i du\u017ce\u201d, \u201eSen \u017byrafy\u201d, \u201eKodowanie na [&hellip;]<\/p>\n","protected":false},"author":266,"featured_media":0,"parent":0,"menu_order":0,"comment_status":"closed","ping_status":"closed","template":"","meta":{"ngg_post_thumbnail":0,"footnotes":""},"class_list":["post-3637","page","type-page","status-publish","hentry","clearfix"],"_links":{"self":[{"href":"https:\/\/przedszkole51.edu.wroclaw.pl\/index.php\/wp-json\/wp\/v2\/pages\/3637","targetHints":{"allow":["GET"]}}],"collection":[{"href":"https:\/\/przedszkole51.edu.wroclaw.pl\/index.php\/wp-json\/wp\/v2\/pages"}],"about":[{"href":"https:\/\/przedszkole51.edu.wroclaw.pl\/index.php\/wp-json\/wp\/v2\/types\/page"}],"author":[{"embeddable":true,"href":"https:\/\/przedszkole51.edu.wroclaw.pl\/index.php\/wp-json\/wp\/v2\/users\/266"}],"replies":[{"embeddable":true,"href":"https:\/\/przedszkole51.edu.wroclaw.pl\/index.php\/wp-json\/wp\/v2\/comments?post=3637"}],"version-history":[{"count":28,"href":"https:\/\/przedszkole51.edu.wroclaw.pl\/index.php\/wp-json\/wp\/v2\/pages\/3637\/revisions"}],"predecessor-version":[{"id":4508,"href":"https:\/\/przedszkole51.edu.wroclaw.pl\/index.php\/wp-json\/wp\/v2\/pages\/3637\/revisions\/4508"}],"wp:attachment":[{"href":"https:\/\/przedszkole51.edu.wroclaw.pl\/index.php\/wp-json\/wp\/v2\/media?parent=3637"}],"curies":[{"name":"wp","href":"https:\/\/api.w.org\/{rel}","templated":true}]}}