
{"id":4360,"date":"2025-02-12T13:00:15","date_gmt":"2025-02-12T12:00:15","guid":{"rendered":"https:\/\/przedszkole51.edu.wroclaw.pl\/?page_id=4360"},"modified":"2025-12-01T20:45:35","modified_gmt":"2025-12-01T19:45:35","slug":"rytmika","status":"publish","type":"page","link":"https:\/\/przedszkole51.edu.wroclaw.pl\/index.php\/zajecia-dodatkowe\/rytmika\/","title":{"rendered":"Rytmika"},"content":{"rendered":"<p><strong>Zaj\u0119cia rytmiczne<\/strong> to fundamentalny element edukacji przedszkolnej, wpisany w podstaw\u0119 programow\u0105, kt\u00f3ry w naszym przedszkolu zamienia si\u0119 w pasjonuj\u0105c\u0105 podr\u00f3\u017c do \u015bwiata d\u017awi\u0119k\u00f3w. Poprzez zabaw\u0119, \u015bpiew, taniec oraz proste instrumenty perkusyjne, rozwijamy u dzieci wra\u017cliwo\u015b\u0107 s\u0142uchow\u0105, poczucie rytmu i koordynacj\u0119 ruchow\u0105. To przestrze\u0144, gdzie muzyka staje si\u0119 j\u0119zykiem wyra\u017cania emocji, a ruch \u2013 naturaln\u0105 form\u0105 ekspresji, wspieraj\u0105c\u0105 harmonijny i wszechstronny rozw\u00f3j ka\u017cdego dziecka.<\/p>\n<p>Zaj\u0119cia rytmiczne koordynuje pani Urszula Karpiuk-Chrobot<\/p>\n<p><img loading=\"lazy\" decoding=\"async\" class=\"alignnone size-medium wp-image-5621 aligncenter\" src=\"https:\/\/przedszkole51.edu.wroclaw.pl\/wp-content\/uploads\/sites\/69\/2025\/12\/rytmika-300x236.jpg\" alt=\"\" width=\"300\" height=\"236\" srcset=\"https:\/\/przedszkole51.edu.wroclaw.pl\/wp-content\/uploads\/sites\/69\/2025\/12\/rytmika-300x236.jpg 300w, https:\/\/przedszkole51.edu.wroclaw.pl\/wp-content\/uploads\/sites\/69\/2025\/12\/rytmika.jpg 390w\" sizes=\"auto, (max-width: 300px) 100vw, 300px\" \/><\/p>\n","protected":false},"excerpt":{"rendered":"<p>Zaj\u0119cia rytmiczne to fundamentalny element edukacji przedszkolnej, wpisany w podstaw\u0119 programow\u0105, kt\u00f3ry w naszym przedszkolu zamienia si\u0119 w pasjonuj\u0105c\u0105 podr\u00f3\u017c do \u015bwiata d\u017awi\u0119k\u00f3w. Poprzez zabaw\u0119, \u015bpiew, taniec oraz proste instrumenty [&hellip;]<\/p>\n","protected":false},"author":7,"featured_media":0,"parent":4226,"menu_order":0,"comment_status":"closed","ping_status":"closed","template":"","meta":{"ngg_post_thumbnail":0,"footnotes":""},"class_list":["post-4360","page","type-page","status-publish","hentry","clearfix"],"_links":{"self":[{"href":"https:\/\/przedszkole51.edu.wroclaw.pl\/index.php\/wp-json\/wp\/v2\/pages\/4360","targetHints":{"allow":["GET"]}}],"collection":[{"href":"https:\/\/przedszkole51.edu.wroclaw.pl\/index.php\/wp-json\/wp\/v2\/pages"}],"about":[{"href":"https:\/\/przedszkole51.edu.wroclaw.pl\/index.php\/wp-json\/wp\/v2\/types\/page"}],"author":[{"embeddable":true,"href":"https:\/\/przedszkole51.edu.wroclaw.pl\/index.php\/wp-json\/wp\/v2\/users\/7"}],"replies":[{"embeddable":true,"href":"https:\/\/przedszkole51.edu.wroclaw.pl\/index.php\/wp-json\/wp\/v2\/comments?post=4360"}],"version-history":[{"count":4,"href":"https:\/\/przedszkole51.edu.wroclaw.pl\/index.php\/wp-json\/wp\/v2\/pages\/4360\/revisions"}],"predecessor-version":[{"id":5632,"href":"https:\/\/przedszkole51.edu.wroclaw.pl\/index.php\/wp-json\/wp\/v2\/pages\/4360\/revisions\/5632"}],"up":[{"embeddable":true,"href":"https:\/\/przedszkole51.edu.wroclaw.pl\/index.php\/wp-json\/wp\/v2\/pages\/4226"}],"wp:attachment":[{"href":"https:\/\/przedszkole51.edu.wroclaw.pl\/index.php\/wp-json\/wp\/v2\/media?parent=4360"}],"curies":[{"name":"wp","href":"https:\/\/api.w.org\/{rel}","templated":true}]}}