
{"id":4386,"date":"2025-02-19T12:38:04","date_gmt":"2025-02-19T11:38:04","guid":{"rendered":"https:\/\/przedszkole51.edu.wroclaw.pl\/?page_id=4386"},"modified":"2025-12-01T20:05:30","modified_gmt":"2025-12-01T19:05:30","slug":"lekkoatletyka","status":"publish","type":"page","link":"https:\/\/przedszkole51.edu.wroclaw.pl\/index.php\/zajecia-dodatkowe\/lekkoatletyka\/","title":{"rendered":"Arytmetyka mentalna"},"content":{"rendered":"<div data-subtree=\"aimfl\"><strong>Arytmetyka mentalna<\/strong> to\u00a0metoda nauki szybkiego liczenia w pami\u0119ci, kt\u00f3ra polega na wizualizowaniu liczyd\u0142a i przesuwania jego koralik\u00f3w w wyobra\u017ani, co anga\u017cuje obie p\u00f3\u0142kule m\u00f3zgu. Umo\u017cliwia wykonywanie skomplikowanych oblicze\u0144 bez kalkulatora i poprawia nie tylko umiej\u0119tno\u015bci matematyczne, ale tak\u017ce pami\u0119\u0107, koncentracj\u0119 oraz zdolno\u015b\u0107 logicznego my\u015blenia.<\/div>\n<div data-subtree=\"aimfl\"><\/div>\n<div data-subtree=\"aimfl\"><img loading=\"lazy\" decoding=\"async\" class=\"alignnone size-medium wp-image-5618 aligncenter\" src=\"https:\/\/przedszkole51.edu.wroclaw.pl\/wp-content\/uploads\/sites\/69\/2025\/12\/Arytmetyka-mentalna-200x300.jpg\" alt=\"\" width=\"200\" height=\"300\" srcset=\"https:\/\/przedszkole51.edu.wroclaw.pl\/wp-content\/uploads\/sites\/69\/2025\/12\/Arytmetyka-mentalna-200x300.jpg 200w, https:\/\/przedszkole51.edu.wroclaw.pl\/wp-content\/uploads\/sites\/69\/2025\/12\/Arytmetyka-mentalna-683x1024.jpg 683w, https:\/\/przedszkole51.edu.wroclaw.pl\/wp-content\/uploads\/sites\/69\/2025\/12\/Arytmetyka-mentalna-768x1152.jpg 768w, https:\/\/przedszkole51.edu.wroclaw.pl\/wp-content\/uploads\/sites\/69\/2025\/12\/Arytmetyka-mentalna.jpg 1024w\" sizes=\"auto, (max-width: 200px) 100vw, 200px\" \/><\/div>\n","protected":false},"excerpt":{"rendered":"<p>Arytmetyka mentalna to\u00a0metoda nauki szybkiego liczenia w pami\u0119ci, kt\u00f3ra polega na wizualizowaniu liczyd\u0142a i przesuwania jego koralik\u00f3w w wyobra\u017ani, co anga\u017cuje obie p\u00f3\u0142kule m\u00f3zgu. Umo\u017cliwia wykonywanie skomplikowanych oblicze\u0144 bez kalkulatora [&hellip;]<\/p>\n","protected":false},"author":435,"featured_media":0,"parent":4226,"menu_order":0,"comment_status":"closed","ping_status":"closed","template":"","meta":{"ngg_post_thumbnail":0,"footnotes":""},"class_list":["post-4386","page","type-page","status-publish","hentry","clearfix"],"_links":{"self":[{"href":"https:\/\/przedszkole51.edu.wroclaw.pl\/index.php\/wp-json\/wp\/v2\/pages\/4386","targetHints":{"allow":["GET"]}}],"collection":[{"href":"https:\/\/przedszkole51.edu.wroclaw.pl\/index.php\/wp-json\/wp\/v2\/pages"}],"about":[{"href":"https:\/\/przedszkole51.edu.wroclaw.pl\/index.php\/wp-json\/wp\/v2\/types\/page"}],"author":[{"embeddable":true,"href":"https:\/\/przedszkole51.edu.wroclaw.pl\/index.php\/wp-json\/wp\/v2\/users\/435"}],"replies":[{"embeddable":true,"href":"https:\/\/przedszkole51.edu.wroclaw.pl\/index.php\/wp-json\/wp\/v2\/comments?post=4386"}],"version-history":[{"count":5,"href":"https:\/\/przedszkole51.edu.wroclaw.pl\/index.php\/wp-json\/wp\/v2\/pages\/4386\/revisions"}],"predecessor-version":[{"id":5619,"href":"https:\/\/przedszkole51.edu.wroclaw.pl\/index.php\/wp-json\/wp\/v2\/pages\/4386\/revisions\/5619"}],"up":[{"embeddable":true,"href":"https:\/\/przedszkole51.edu.wroclaw.pl\/index.php\/wp-json\/wp\/v2\/pages\/4226"}],"wp:attachment":[{"href":"https:\/\/przedszkole51.edu.wroclaw.pl\/index.php\/wp-json\/wp\/v2\/media?parent=4386"}],"curies":[{"name":"wp","href":"https:\/\/api.w.org\/{rel}","templated":true}]}}