
{"id":4390,"date":"2025-02-19T12:41:34","date_gmt":"2025-02-19T11:41:34","guid":{"rendered":"https:\/\/przedszkole51.edu.wroclaw.pl\/?page_id=4390"},"modified":"2025-12-02T20:34:54","modified_gmt":"2025-12-02T19:34:54","slug":"szachy","status":"publish","type":"page","link":"https:\/\/przedszkole51.edu.wroclaw.pl\/index.php\/zajecia-dodatkowe\/szachy\/","title":{"rendered":"Szachy"},"content":{"rendered":"<div data-sfc-cp=\"\" data-hveid=\"CAEIAxAA\" data-complete=\"true\" data-processed=\"true\"><\/div>\n<div class=\"Y3BBE\" data-sfc-cp=\"\" data-hveid=\"CAEIAxAA\" data-complete=\"true\" data-processed=\"true\"><strong class=\"Yjhzub\" data-complete=\"true\" data-processed=\"true\">Szachy dla Przedszkolak\u00f3w \u2013 Rozw\u00f3j Przez Zabaw\u0119!<\/strong><\/div>\n<div data-sfc-cp=\"\" data-hveid=\"CAEIAxAA\" data-complete=\"true\" data-processed=\"true\"><\/div>\n<div class=\"Y3BBE\" data-sfc-cp=\"\" data-hveid=\"CAEIBBAA\" data-complete=\"true\" data-processed=\"true\">Zapraszamy najm\u0142odszych na zaj\u0119cia, kt\u00f3re wprowadz\u0105 dzieci w \u015bwiat szach\u00f3w poprzez zabaw\u0119, dopasowan\u0105 do ich wieku i mo\u017cliwo\u015bci.<\/div>\n<div class=\"Y3BBE\" data-sfc-cp=\"\" data-hveid=\"CAEIBRAA\" data-processed=\"true\" data-complete=\"true\">Nasze zaj\u0119cia maj\u0105 na celu wspieranie rozwoju przedszkolak\u00f3w poprzez:<\/div>\n<ul class=\"KsbFXc U6u95\" data-complete=\"true\" data-processed=\"true\">\n<li data-hveid=\"CAEIBhAA\" data-complete=\"true\" data-sae=\"\"><span class=\"T286Pc\" data-sfc-cp=\"\" data-complete=\"true\"><strong class=\"Yjhzub\" data-complete=\"true\">Rozw\u00f3j koncentracji i pami\u0119ci:<\/strong> nauka skupiania uwagi na planszy i zapami\u0119tywania prostych zasad.<\/span><\/li>\n<li data-hveid=\"CAEIBhAB\" data-complete=\"true\" data-sae=\"\"><span class=\"T286Pc\" data-sfc-cp=\"\" data-complete=\"true\"><strong class=\"Yjhzub\" data-complete=\"true\">Wprowadzenie do logicznego my\u015blenia:<\/strong> poprzez proste zadania i gry dzieci ucz\u0105 si\u0119 planowa\u0107 kolejne kroki.<\/span><\/li>\n<li data-hveid=\"CAEIBhAC\" data-complete=\"true\" data-sae=\"\"><span class=\"T286Pc\" data-sfc-cp=\"\" data-complete=\"true\"><strong class=\"Yjhzub\" data-complete=\"true\">Kszta\u0142towanie cierpliwo\u015bci i zasad fair play:<\/strong> nauka czekania na swoj\u0105 kolej i szacunku dla innych uczestnik\u00f3w.<\/span><\/li>\n<li data-hveid=\"CAEIBhAD\" data-complete=\"true\" data-sae=\"\"><span class=\"T286Pc\" data-sfc-cp=\"\" data-complete=\"true\"><strong class=\"Yjhzub\" data-complete=\"true\">Doskona\u0142\u0105 zabaw\u0119:<\/strong> szachy to ekscytuj\u0105ca i wci\u0105gaj\u0105ca aktywno\u015b\u0107 dla najm\u0142odszych!<\/span><\/li>\n<\/ul>\n<div class=\"Y3BBE\" data-sfc-cp=\"\" data-hveid=\"CAEIBxAA\" data-processed=\"true\" data-complete=\"true\">Zaj\u0119cia prowadzone s\u0105 w przyjaznej atmosferze przez do\u015bwiadczonych instruktor\u00f3w, kt\u00f3rzy potrafi\u0105 zainteresowa\u0107 dzieci i zach\u0119ci\u0107 do nauki.<\/div>\n<div data-sfc-cp=\"\" data-hveid=\"CAEIBxAA\" data-processed=\"true\" data-complete=\"true\"><\/div>\n<div data-sfc-cp=\"\" data-hveid=\"CAEIBxAA\" data-processed=\"true\" data-complete=\"true\"><img loading=\"lazy\" decoding=\"async\" class=\"alignnone size-medium wp-image-5660 aligncenter\" src=\"https:\/\/przedszkole51.edu.wroclaw.pl\/wp-content\/uploads\/sites\/69\/2025\/12\/szachy-300x183.jpg\" alt=\"\" width=\"300\" height=\"183\" srcset=\"https:\/\/przedszkole51.edu.wroclaw.pl\/wp-content\/uploads\/sites\/69\/2025\/12\/szachy-300x183.jpg 300w, https:\/\/przedszkole51.edu.wroclaw.pl\/wp-content\/uploads\/sites\/69\/2025\/12\/szachy-1024x623.jpg 1024w, https:\/\/przedszkole51.edu.wroclaw.pl\/wp-content\/uploads\/sites\/69\/2025\/12\/szachy-768x467.jpg 768w, https:\/\/przedszkole51.edu.wroclaw.pl\/wp-content\/uploads\/sites\/69\/2025\/12\/szachy.jpg 1170w\" sizes=\"auto, (max-width: 300px) 100vw, 300px\" \/><\/div>\n","protected":false},"excerpt":{"rendered":"<p>Szachy dla Przedszkolak\u00f3w \u2013 Rozw\u00f3j Przez Zabaw\u0119! Zapraszamy najm\u0142odszych na zaj\u0119cia, kt\u00f3re wprowadz\u0105 dzieci w \u015bwiat szach\u00f3w poprzez zabaw\u0119, dopasowan\u0105 do ich wieku i mo\u017cliwo\u015bci. Nasze zaj\u0119cia maj\u0105 na celu [&hellip;]<\/p>\n","protected":false},"author":435,"featured_media":0,"parent":4226,"menu_order":0,"comment_status":"closed","ping_status":"closed","template":"","meta":{"ngg_post_thumbnail":0,"footnotes":""},"class_list":["post-4390","page","type-page","status-publish","hentry","clearfix"],"_links":{"self":[{"href":"https:\/\/przedszkole51.edu.wroclaw.pl\/index.php\/wp-json\/wp\/v2\/pages\/4390","targetHints":{"allow":["GET"]}}],"collection":[{"href":"https:\/\/przedszkole51.edu.wroclaw.pl\/index.php\/wp-json\/wp\/v2\/pages"}],"about":[{"href":"https:\/\/przedszkole51.edu.wroclaw.pl\/index.php\/wp-json\/wp\/v2\/types\/page"}],"author":[{"embeddable":true,"href":"https:\/\/przedszkole51.edu.wroclaw.pl\/index.php\/wp-json\/wp\/v2\/users\/435"}],"replies":[{"embeddable":true,"href":"https:\/\/przedszkole51.edu.wroclaw.pl\/index.php\/wp-json\/wp\/v2\/comments?post=4390"}],"version-history":[{"count":3,"href":"https:\/\/przedszkole51.edu.wroclaw.pl\/index.php\/wp-json\/wp\/v2\/pages\/4390\/revisions"}],"predecessor-version":[{"id":5661,"href":"https:\/\/przedszkole51.edu.wroclaw.pl\/index.php\/wp-json\/wp\/v2\/pages\/4390\/revisions\/5661"}],"up":[{"embeddable":true,"href":"https:\/\/przedszkole51.edu.wroclaw.pl\/index.php\/wp-json\/wp\/v2\/pages\/4226"}],"wp:attachment":[{"href":"https:\/\/przedszkole51.edu.wroclaw.pl\/index.php\/wp-json\/wp\/v2\/media?parent=4390"}],"curies":[{"name":"wp","href":"https:\/\/api.w.org\/{rel}","templated":true}]}}