
{"id":4392,"date":"2025-02-19T12:43:43","date_gmt":"2025-02-19T11:43:43","guid":{"rendered":"https:\/\/przedszkole51.edu.wroclaw.pl\/?page_id=4392"},"modified":"2025-12-01T21:06:02","modified_gmt":"2025-12-01T20:06:02","slug":"rytmika-z-elementami-tanca","status":"publish","type":"page","link":"https:\/\/przedszkole51.edu.wroclaw.pl\/index.php\/zajecia-dodatkowe\/rytmika-z-elementami-tanca\/","title":{"rendered":"Zaj\u0119cia teatralne"},"content":{"rendered":"<div data-sfc-cp=\"\" data-hveid=\"CAEIBBAA\" data-processed=\"true\" data-complete=\"true\"><\/div>\n<div class=\"Y3BBE\" data-sfc-cp=\"\" data-hveid=\"CAEIBBAA\" data-processed=\"true\" data-complete=\"true\"><strong>Zaj\u0119cia teatralne<\/strong> to co\u015b wi\u0119cej ni\u017c tylko zabawa w przebieranki. To przestrze\u0144, w kt\u00f3rej dzieci ucz\u0105 si\u0119 wyra\u017ca\u0107 emocje, budowa\u0107 pewno\u015b\u0107 siebie i rozwija\u0107 empati\u0119.<\/div>\n<div class=\"Y3BBE\" data-sfc-cp=\"\" data-hveid=\"CAEIBRAA\" data-processed=\"true\" data-complete=\"true\">Poprzez gry dramowe, \u0107wiczenia dykcyjne i tworzenie prostych przedstawie\u0144, przedszkolaki poznaj\u0105 magi\u0119 sceny. Ka\u017cde zaj\u0119cia to nowa przygoda, kt\u00f3ra wspiera rozw\u00f3j mowy, kreatywno\u015bci oraz umiej\u0119tno\u015bci pracy w grupie.<\/div>\n<div data-sfc-cp=\"\" data-hveid=\"CAEIBRAA\" data-processed=\"true\" data-complete=\"true\"><\/div>\n<div data-sfc-cp=\"\" data-hveid=\"CAEIBRAA\" data-processed=\"true\" data-complete=\"true\"><img loading=\"lazy\" decoding=\"async\" class=\"alignnone  wp-image-5640 aligncenter\" src=\"https:\/\/przedszkole51.edu.wroclaw.pl\/wp-content\/uploads\/sites\/69\/2025\/12\/teatr-300x200.jpg\" alt=\"\" width=\"339\" height=\"226\" srcset=\"https:\/\/przedszkole51.edu.wroclaw.pl\/wp-content\/uploads\/sites\/69\/2025\/12\/teatr-300x200.jpg 300w, https:\/\/przedszkole51.edu.wroclaw.pl\/wp-content\/uploads\/sites\/69\/2025\/12\/teatr-768x511.jpg 768w, https:\/\/przedszkole51.edu.wroclaw.pl\/wp-content\/uploads\/sites\/69\/2025\/12\/teatr.jpg 880w\" sizes=\"auto, (max-width: 339px) 100vw, 339px\" \/><\/div>\n","protected":false},"excerpt":{"rendered":"<p>Zaj\u0119cia teatralne to co\u015b wi\u0119cej ni\u017c tylko zabawa w przebieranki. To przestrze\u0144, w kt\u00f3rej dzieci ucz\u0105 si\u0119 wyra\u017ca\u0107 emocje, budowa\u0107 pewno\u015b\u0107 siebie i rozwija\u0107 empati\u0119. Poprzez gry dramowe, \u0107wiczenia dykcyjne [&hellip;]<\/p>\n","protected":false},"author":435,"featured_media":0,"parent":4226,"menu_order":0,"comment_status":"closed","ping_status":"closed","template":"","meta":{"ngg_post_thumbnail":0,"footnotes":""},"class_list":["post-4392","page","type-page","status-publish","hentry","clearfix"],"_links":{"self":[{"href":"https:\/\/przedszkole51.edu.wroclaw.pl\/index.php\/wp-json\/wp\/v2\/pages\/4392","targetHints":{"allow":["GET"]}}],"collection":[{"href":"https:\/\/przedszkole51.edu.wroclaw.pl\/index.php\/wp-json\/wp\/v2\/pages"}],"about":[{"href":"https:\/\/przedszkole51.edu.wroclaw.pl\/index.php\/wp-json\/wp\/v2\/types\/page"}],"author":[{"embeddable":true,"href":"https:\/\/przedszkole51.edu.wroclaw.pl\/index.php\/wp-json\/wp\/v2\/users\/435"}],"replies":[{"embeddable":true,"href":"https:\/\/przedszkole51.edu.wroclaw.pl\/index.php\/wp-json\/wp\/v2\/comments?post=4392"}],"version-history":[{"count":4,"href":"https:\/\/przedszkole51.edu.wroclaw.pl\/index.php\/wp-json\/wp\/v2\/pages\/4392\/revisions"}],"predecessor-version":[{"id":5641,"href":"https:\/\/przedszkole51.edu.wroclaw.pl\/index.php\/wp-json\/wp\/v2\/pages\/4392\/revisions\/5641"}],"up":[{"embeddable":true,"href":"https:\/\/przedszkole51.edu.wroclaw.pl\/index.php\/wp-json\/wp\/v2\/pages\/4226"}],"wp:attachment":[{"href":"https:\/\/przedszkole51.edu.wroclaw.pl\/index.php\/wp-json\/wp\/v2\/media?parent=4392"}],"curies":[{"name":"wp","href":"https:\/\/api.w.org\/{rel}","templated":true}]}}