
{"id":584,"date":"2022-01-12T14:11:09","date_gmt":"2022-01-12T13:11:09","guid":{"rendered":"https:\/\/przedszkole51.edu.wroclaw.pl\/?page_id=584"},"modified":"2025-12-09T15:03:18","modified_gmt":"2025-12-09T14:03:18","slug":"biezace-informacje-dla-rodzicow","status":"publish","type":"page","link":"https:\/\/przedszkole51.edu.wroclaw.pl\/index.php\/biezace-informacje-dla-rodzicow\/","title":{"rendered":"Informacje dla rodzic\u00f3w"},"content":{"rendered":"<div class=\"wpb-content-wrapper\"><p>[vc_row][vc_column][vc_column_text css=&#8221;&#8221;]<\/p>\n<p><img loading=\"lazy\" decoding=\"async\" class=\"size-medium wp-image-2678 alignleft\" src=\"https:\/\/przedszkole51.edu.wroclaw.pl\/wp-content\/uploads\/sites\/69\/2023\/08\/olowek-252x300.jpg\" alt=\"\" width=\"252\" height=\"300\" srcset=\"https:\/\/przedszkole51.edu.wroclaw.pl\/wp-content\/uploads\/sites\/69\/2023\/08\/olowek-252x300.jpg 252w, https:\/\/przedszkole51.edu.wroclaw.pl\/wp-content\/uploads\/sites\/69\/2023\/08\/olowek.jpg 564w\" sizes=\"auto, (max-width: 252px) 100vw, 252px\" \/>[\/vc_column_text][\/vc_column][\/vc_row][vc_row][vc_column width=&#8221;2\/3&#8243;][vc_column_text]<\/p>\n<p>[\/vc_column_text][\/vc_column][vc_column width=&#8221;1\/3&#8243;][vc_btn title=&#8221;Informacje dla rodzic\u00f3w dzieci nowo przyj\u0119tych&#8221; color=&#8221;success&#8221; size=&#8221;lg&#8221; align=&#8221;center&#8221; css_animation=&#8221;none&#8221; button_block=&#8221;true&#8221; link=&#8221;url:%2Findex.php%2Fbiezace-informacje-dla-rodzicow%2Finformacje-dla-rodzicow-dzieci-nowo-przyjetych%2F|title:Informacje%20dla%20rodzic%C3%B3w%20dzieci%20nowo%20przyj%C4%99tych&#8221;][vc_btn title=&#8221;Informacje dla rodzic\u00f3w dzieci ucz\u0119szczaj\u0105cych ju\u017c do naszej plac\u00f3wki&#8221; color=&#8221;violet&#8221; size=&#8221;lg&#8221; align=&#8221;center&#8221; css_animation=&#8221;none&#8221; button_block=&#8221;true&#8221; link=&#8221;url:%2Findex.php%2Fbiezace-informacje-dla-rodzicow%2Finformacje-dla-rodzicow-dzieci-uczeszczajacych-juz-do-naszej-placowki%2F|title:Informacje%20dla%20rodzic%C3%B3w%20dzieci%20ucz%C4%99szczaj%C4%85cych%20ju%C5%BC%20do%20naszej%20plac%C3%B3wki&#8221;][\/vc_column][\/vc_row][vc_row][vc_column][vc_column_text]<\/p>\n<p>&nbsp;<\/p>\n<p>[\/vc_column_text][\/vc_column][\/vc_row]<\/p>\n<\/div>","protected":false},"excerpt":{"rendered":"<p>[vc_row][vc_column][vc_column_text css=&#8221;&#8221;] [\/vc_column_text][\/vc_column][\/vc_row][vc_row][vc_column width=&#8221;2\/3&#8243;][vc_column_text] [\/vc_column_text][\/vc_column][vc_column width=&#8221;1\/3&#8243;][vc_btn title=&#8221;Informacje dla rodzic\u00f3w dzieci nowo przyj\u0119tych&#8221; color=&#8221;success&#8221; size=&#8221;lg&#8221; align=&#8221;center&#8221; css_animation=&#8221;none&#8221; button_block=&#8221;true&#8221; link=&#8221;url:%2Findex.php%2Fbiezace-informacje-dla-rodzicow%2Finformacje-dla-rodzicow-dzieci-nowo-przyjetych%2F|title:Informacje%20dla%20rodzic%C3%B3w%20dzieci%20nowo%20przyj%C4%99tych&#8221;][vc_btn title=&#8221;Informacje dla rodzic\u00f3w dzieci ucz\u0119szczaj\u0105cych ju\u017c do naszej plac\u00f3wki&#8221; color=&#8221;violet&#8221; size=&#8221;lg&#8221; align=&#8221;center&#8221; [&hellip;]<\/p>\n","protected":false},"author":266,"featured_media":0,"parent":0,"menu_order":0,"comment_status":"closed","ping_status":"closed","template":"","meta":{"ngg_post_thumbnail":0,"footnotes":""},"class_list":["post-584","page","type-page","status-publish","hentry","clearfix"],"_links":{"self":[{"href":"https:\/\/przedszkole51.edu.wroclaw.pl\/index.php\/wp-json\/wp\/v2\/pages\/584","targetHints":{"allow":["GET"]}}],"collection":[{"href":"https:\/\/przedszkole51.edu.wroclaw.pl\/index.php\/wp-json\/wp\/v2\/pages"}],"about":[{"href":"https:\/\/przedszkole51.edu.wroclaw.pl\/index.php\/wp-json\/wp\/v2\/types\/page"}],"author":[{"embeddable":true,"href":"https:\/\/przedszkole51.edu.wroclaw.pl\/index.php\/wp-json\/wp\/v2\/users\/266"}],"replies":[{"embeddable":true,"href":"https:\/\/przedszkole51.edu.wroclaw.pl\/index.php\/wp-json\/wp\/v2\/comments?post=584"}],"version-history":[{"count":24,"href":"https:\/\/przedszkole51.edu.wroclaw.pl\/index.php\/wp-json\/wp\/v2\/pages\/584\/revisions"}],"predecessor-version":[{"id":5723,"href":"https:\/\/przedszkole51.edu.wroclaw.pl\/index.php\/wp-json\/wp\/v2\/pages\/584\/revisions\/5723"}],"wp:attachment":[{"href":"https:\/\/przedszkole51.edu.wroclaw.pl\/index.php\/wp-json\/wp\/v2\/media?parent=584"}],"curies":[{"name":"wp","href":"https:\/\/api.w.org\/{rel}","templated":true}]}}